{"id":592,"date":"2023-04-14T12:15:41","date_gmt":"2023-04-14T10:15:41","guid":{"rendered":"https:\/\/offroadspaintours.com\/product\/el-reino-nazari-experiencia-100-off-road\/"},"modified":"2023-05-09T11:17:58","modified_gmt":"2023-05-09T09:17:58","slug":"el-reino-nazari-experiencia-100-offroad","status":"publish","type":"product","link":"https:\/\/offroadspaintours.com\/es\/producto\/el-reino-nazari-experiencia-100-offroad\/","title":{"rendered":"EL REINO NAZAR\u00cd, EXPERIENCIA 100% OFF ROAD"},"content":{"rendered":"<p>Ruta por Andaluc\u00eda centrada en las provincias de Granada, Ja\u00e9n y Almer\u00eda, donde podemos encontrar todos los tipos de terreno donde un motero de off-road puede disfrutar un total de 1.125 kil\u00f3metros de monta\u00f1as, costa, desierto, ramblas y muchas pistas con paisajes realmente impresionantes.<\/p>\n","protected":false},"excerpt":{"rendered":"<p>Ruta por Andaluc\u00eda centrada en las provincias de Granada, Ja\u00e9n y Almer\u00eda, donde podemos encontrar todos los tipos de terreno donde un motero de off-road puede disfrutar un total de 1.125 kil\u00f3metros de monta\u00f1as, costa, desierto, ramblas y muchas pistas con paisajes realmente impresionantes.<\/p>\n","protected":false},"featured_media":483,"comment_status":"open","ping_status":"closed","template":"","meta":{"_joinchat":[]},"product_cat":[54],"product_tag":[],"acf":[],"yoast_head":"<!-- This site is optimized with the Yoast SEO plugin v21.0 - https:\/\/yoast.com\/wordpress\/plugins\/seo\/ -->\n<title>EL REINO NAZAR\u00cd, EXPERIENCIA 100% OFF ROAD<\/title>\n<meta name=\"robots\" content=\"index, follow, max-snippet:-1, max-image-preview:large, max-video-preview:-1\" \/>\n<link rel=\"canonical\" href=\"https:\/\/offroadspaintours.com\/es\/producto\/el-reino-nazari-experiencia-100-offroad\/\" \/>\n<meta property=\"og:locale\" content=\"es_ES\" \/>\n<meta property=\"og:type\" content=\"article\" \/>\n<meta property=\"og:title\" content=\"EL REINO NAZAR\u00cd, EXPERIENCIA 100% OFF ROAD\" \/>\n<meta property=\"og:description\" content=\"Ruta por Andaluc\u00eda centrada en las provincias de Granada, Ja\u00e9n y Almer\u00eda, donde podemos encontrar todos los tipos de terreno donde un motero de off-road puede disfrutar un total de 1.125 kil\u00f3metros de monta\u00f1as, costa, desierto, ramblas y muchas pistas con paisajes realmente impresionantes.\" \/>\n<meta property=\"og:url\" content=\"https:\/\/offroadspaintours.com\/es\/producto\/el-reino-nazari-experiencia-100-offroad\/\" \/>\n<meta property=\"og:site_name\" content=\"Off Road Spain Tours\" \/>\n<meta property=\"article:publisher\" content=\"https:\/\/www.facebook.com\/OffRoadSpainTours\/\" \/>\n<meta property=\"article:modified_time\" content=\"2023-05-09T09:17:58+00:00\" \/>\n<meta property=\"og:image\" content=\"https:\/\/offroadspaintours.com\/wp-content\/uploads\/2023\/03\/moto-en-tierra-offroadspaintours.jpeg\" \/>\n\t<meta property=\"og:image:width\" content=\"1368\" \/>\n\t<meta property=\"og:image:height\" content=\"912\" \/>\n\t<meta property=\"og:image:type\" content=\"image\/jpeg\" \/>\n<meta name=\"twitter:card\" content=\"summary_large_image\" \/>\n<script type=\"application\/ld+json\" class=\"yoast-schema-graph\">{\"@context\":\"https:\/\/schema.org\",\"@graph\":[{\"@type\":\"WebPage\",\"@id\":\"https:\/\/offroadspaintours.com\/es\/producto\/el-reino-nazari-experiencia-100-offroad\/\",\"url\":\"https:\/\/offroadspaintours.com\/es\/producto\/el-reino-nazari-experiencia-100-offroad\/\",\"name\":\"EL REINO NAZAR\u00cd, EXPERIENCIA 100% OFF ROAD\",\"isPartOf\":{\"@id\":\"https:\/\/offroadspaintours.com\/es\/#website\"},\"datePublished\":\"2023-04-14T10:15:41+00:00\",\"dateModified\":\"2023-05-09T09:17:58+00:00\",\"breadcrumb\":{\"@id\":\"https:\/\/offroadspaintours.com\/es\/producto\/el-reino-nazari-experiencia-100-offroad\/#breadcrumb\"},\"inLanguage\":\"es\",\"potentialAction\":[{\"@type\":\"ReadAction\",\"target\":[\"https:\/\/offroadspaintours.com\/es\/producto\/el-reino-nazari-experiencia-100-offroad\/\"]}]},{\"@type\":\"BreadcrumbList\",\"@id\":\"https:\/\/offroadspaintours.com\/es\/producto\/el-reino-nazari-experiencia-100-offroad\/#breadcrumb\",\"itemListElement\":[{\"@type\":\"ListItem\",\"position\":1,\"name\":\"Home\",\"item\":\"https:\/\/offroadspaintours.com\/es\/\"},{\"@type\":\"ListItem\",\"position\":2,\"name\":\"Tienda\",\"item\":\"https:\/\/offroadspaintours.com\/es\/tienda\/\"},{\"@type\":\"ListItem\",\"position\":3,\"name\":\"EL REINO NAZAR\u00cd, EXPERIENCIA 100% OFF ROAD\"}]},{\"@type\":\"WebSite\",\"@id\":\"https:\/\/offroadspaintours.com\/es\/#website\",\"url\":\"https:\/\/offroadspaintours.com\/es\/\",\"name\":\"Off Road Spain Tours\",\"description\":\"Visit incredible places accompanied by expert guides in the area along with a group of people who are passionate about motorbikes.\",\"publisher\":{\"@id\":\"https:\/\/offroadspaintours.com\/es\/#organization\"},\"alternateName\":\"Off Road Spain Tours\",\"potentialAction\":[{\"@type\":\"SearchAction\",\"target\":{\"@type\":\"EntryPoint\",\"urlTemplate\":\"https:\/\/offroadspaintours.com\/es\/?s={search_term_string}\"},\"query-input\":\"required name=search_term_string\"}],\"inLanguage\":\"es\"},{\"@type\":\"Organization\",\"@id\":\"https:\/\/offroadspaintours.com\/es\/#organization\",\"name\":\"Off Road Spain Tours\",\"alternateName\":\"Off Road Spain Tours\",\"url\":\"https:\/\/offroadspaintours.com\/es\/\",\"logo\":{\"@type\":\"ImageObject\",\"inLanguage\":\"es\",\"@id\":\"https:\/\/offroadspaintours.com\/es\/#\/schema\/logo\/image\/\",\"url\":\"https:\/\/offroadspaintours.com\/wp-content\/uploads\/2023\/03\/logo-offroadspain-web.png\",\"contentUrl\":\"https:\/\/offroadspaintours.com\/wp-content\/uploads\/2023\/03\/logo-offroadspain-web.png\",\"width\":500,\"height\":510,\"caption\":\"Off Road Spain Tours\"},\"image\":{\"@id\":\"https:\/\/offroadspaintours.com\/es\/#\/schema\/logo\/image\/\"},\"sameAs\":[\"https:\/\/www.facebook.com\/OffRoadSpainTours\/\",\"https:\/\/www.instagram.com\/offroadspaintours\/\"]}]}<\/script>\n<!-- \/ Yoast SEO plugin. -->","yoast_head_json":{"title":"EL REINO NAZAR\u00cd, EXPERIENCIA 100% OFF ROAD","robots":{"index":"index","follow":"follow","max-snippet":"max-snippet:-1","max-image-preview":"max-image-preview:large","max-video-preview":"max-video-preview:-1"},"canonical":"https:\/\/offroadspaintours.com\/es\/producto\/el-reino-nazari-experiencia-100-offroad\/","og_locale":"es_ES","og_type":"article","og_title":"EL REINO NAZAR\u00cd, EXPERIENCIA 100% OFF ROAD","og_description":"Ruta por Andaluc\u00eda centrada en las provincias de Granada, Ja\u00e9n y Almer\u00eda, donde podemos encontrar todos los tipos de terreno donde un motero de off-road puede disfrutar un total de 1.125 kil\u00f3metros de monta\u00f1as, costa, desierto, ramblas y muchas pistas con paisajes realmente impresionantes.","og_url":"https:\/\/offroadspaintours.com\/es\/producto\/el-reino-nazari-experiencia-100-offroad\/","og_site_name":"Off Road Spain Tours","article_publisher":"https:\/\/www.facebook.com\/OffRoadSpainTours\/","article_modified_time":"2023-05-09T09:17:58+00:00","og_image":[{"width":1368,"height":912,"url":"https:\/\/offroadspaintours.com\/wp-content\/uploads\/2023\/03\/moto-en-tierra-offroadspaintours.jpeg","type":"image\/jpeg"}],"twitter_card":"summary_large_image","schema":{"@context":"https:\/\/schema.org","@graph":[{"@type":"WebPage","@id":"https:\/\/offroadspaintours.com\/es\/producto\/el-reino-nazari-experiencia-100-offroad\/","url":"https:\/\/offroadspaintours.com\/es\/producto\/el-reino-nazari-experiencia-100-offroad\/","name":"EL REINO NAZAR\u00cd, EXPERIENCIA 100% OFF ROAD","isPartOf":{"@id":"https:\/\/offroadspaintours.com\/es\/#website"},"datePublished":"2023-04-14T10:15:41+00:00","dateModified":"2023-05-09T09:17:58+00:00","breadcrumb":{"@id":"https:\/\/offroadspaintours.com\/es\/producto\/el-reino-nazari-experiencia-100-offroad\/#breadcrumb"},"inLanguage":"es","potentialAction":[{"@type":"ReadAction","target":["https:\/\/offroadspaintours.com\/es\/producto\/el-reino-nazari-experiencia-100-offroad\/"]}]},{"@type":"BreadcrumbList","@id":"https:\/\/offroadspaintours.com\/es\/producto\/el-reino-nazari-experiencia-100-offroad\/#breadcrumb","itemListElement":[{"@type":"ListItem","position":1,"name":"Home","item":"https:\/\/offroadspaintours.com\/es\/"},{"@type":"ListItem","position":2,"name":"Tienda","item":"https:\/\/offroadspaintours.com\/es\/tienda\/"},{"@type":"ListItem","position":3,"name":"EL REINO NAZAR\u00cd, EXPERIENCIA 100% OFF ROAD"}]},{"@type":"WebSite","@id":"https:\/\/offroadspaintours.com\/es\/#website","url":"https:\/\/offroadspaintours.com\/es\/","name":"Off Road Spain Tours","description":"Visit incredible places accompanied by expert guides in the area along with a group of people who are passionate about motorbikes.","publisher":{"@id":"https:\/\/offroadspaintours.com\/es\/#organization"},"alternateName":"Off Road Spain Tours","potentialAction":[{"@type":"SearchAction","target":{"@type":"EntryPoint","urlTemplate":"https:\/\/offroadspaintours.com\/es\/?s={search_term_string}"},"query-input":"required name=search_term_string"}],"inLanguage":"es"},{"@type":"Organization","@id":"https:\/\/offroadspaintours.com\/es\/#organization","name":"Off Road Spain Tours","alternateName":"Off Road Spain Tours","url":"https:\/\/offroadspaintours.com\/es\/","logo":{"@type":"ImageObject","inLanguage":"es","@id":"https:\/\/offroadspaintours.com\/es\/#\/schema\/logo\/image\/","url":"https:\/\/offroadspaintours.com\/wp-content\/uploads\/2023\/03\/logo-offroadspain-web.png","contentUrl":"https:\/\/offroadspaintours.com\/wp-content\/uploads\/2023\/03\/logo-offroadspain-web.png","width":500,"height":510,"caption":"Off Road Spain Tours"},"image":{"@id":"https:\/\/offroadspaintours.com\/es\/#\/schema\/logo\/image\/"},"sameAs":["https:\/\/www.facebook.com\/OffRoadSpainTours\/","https:\/\/www.instagram.com\/offroadspaintours\/"]}]}},"_links":{"self":[{"href":"https:\/\/offroadspaintours.com\/es\/wp-json\/wp\/v2\/product\/592"}],"collection":[{"href":"https:\/\/offroadspaintours.com\/es\/wp-json\/wp\/v2\/product"}],"about":[{"href":"https:\/\/offroadspaintours.com\/es\/wp-json\/wp\/v2\/types\/product"}],"replies":[{"embeddable":true,"href":"https:\/\/offroadspaintours.com\/es\/wp-json\/wp\/v2\/comments?post=592"}],"wp:featuredmedia":[{"embeddable":true,"href":"https:\/\/offroadspaintours.com\/es\/wp-json\/wp\/v2\/media\/483"}],"wp:attachment":[{"href":"https:\/\/offroadspaintours.com\/es\/wp-json\/wp\/v2\/media?parent=592"}],"wp:term":[{"taxonomy":"product_cat","embeddable":true,"href":"https:\/\/offroadspaintours.com\/es\/wp-json\/wp\/v2\/product_cat?post=592"},{"taxonomy":"product_tag","embeddable":true,"href":"https:\/\/offroadspaintours.com\/es\/wp-json\/wp\/v2\/product_tag?post=592"}],"curies":[{"name":"wp","href":"https:\/\/api.w.org\/{rel}","templated":true}]}}