{"id":797,"date":"2023-04-10T18:15:21","date_gmt":"2023-04-10T16:15:21","guid":{"rendered":"https:\/\/offroadspaintours.com\/aviso-legal\/"},"modified":"2023-05-26T09:21:51","modified_gmt":"2023-05-26T07:21:51","slug":"aviso-legal","status":"publish","type":"page","link":"https:\/\/offroadspaintours.com\/es\/aviso-legal\/","title":{"rendered":"Aviso legal"},"content":{"rendered":"\t\t<div data-elementor-type=\"wp-page\" data-elementor-id=\"797\" class=\"elementor elementor-797 elementor-398\">\n\t\t\t\t\t\t\t\t\t<section class=\"elementor-section elementor-top-section elementor-element elementor-element-3b7dc478 elementor-section-boxed elementor-section-height-default elementor-section-height-default\" data-id=\"3b7dc478\" data-element_type=\"section\">\n\t\t\t\t\t\t<div class=\"elementor-container elementor-column-gap-default\">\n\t\t\t\t\t<div class=\"elementor-column elementor-col-100 elementor-top-column elementor-element elementor-element-41cdc8ad\" data-id=\"41cdc8ad\" data-element_type=\"column\">\n\t\t\t<div class=\"elementor-widget-wrap elementor-element-populated\">\n\t\t\t\t\t\t\t\t<div class=\"elementor-element elementor-element-6b3b3290 elementor-widget elementor-widget-text-editor\" data-id=\"6b3b3290\" data-element_type=\"widget\" data-widget_type=\"text-editor.default\">\n\t\t\t\t<div class=\"elementor-widget-container\">\n\t\t\t<style>\/*! elementor - v3.13.3 - 22-05-2023 *\/\n.elementor-widget-text-editor.elementor-drop-cap-view-stacked .elementor-drop-cap{background-color:#69727d;color:#fff}.elementor-widget-text-editor.elementor-drop-cap-view-framed .elementor-drop-cap{color:#69727d;border:3px solid;background-color:transparent}.elementor-widget-text-editor:not(.elementor-drop-cap-view-default) .elementor-drop-cap{margin-top:8px}.elementor-widget-text-editor:not(.elementor-drop-cap-view-default) .elementor-drop-cap-letter{width:1em;height:1em}.elementor-widget-text-editor .elementor-drop-cap{float:left;text-align:center;line-height:1;font-size:50px}.elementor-widget-text-editor .elementor-drop-cap-letter{display:inline-block}<\/style>\t\t\t\t\n<p><strong>ATREYU INVESTMENTS S.L<\/strong>., en cumplimiento del art\u00edculo 10 de la Ley 34\/2002 de Servicios de la Sociedad de la Informaci\u00f3n y Comercio Electr\u00f3nico, informa: <\/p>\n\n\n\n<p>Que es titular del dominio y del sitio web (https:\/\/offroadspaintours.com\/\/). Que sus datos identificativos son:<\/p>\n\n\n\n<ul>\n<li>ATREYU INVESTMENTS S.L.<\/li>\n\n\n\n<li>Escritor Perrault. 18004 &#8211; GRENADE<\/li>\n\n\n\n<li><a href=\"tel:+34%20699%20147%20544\" target=\"_blank\" rel=\"noreferrer noopener\">+34 699 147 544<\/a> \/\/ <a href=\"mailto:hola@offroadspaintours.com\" target=\"_blank\" rel=\"noreferrer noopener\">hola@offroadspaintours.com<\/a><\/li>\n<\/ul>\n\n\n\n<p>Que se encuentra inscrita con el C.I.F: <strong>B-19616440<\/strong> in the Mercantile Register of [&#8230;].<\/p>\n\n\n\n<p>La utilizaci\u00f3n del sitio web otorga la condici\u00f3n de usuario e implica la plena aceptaci\u00f3n a todas las disposiciones contenidas en este Aviso Legal y en la Pol\u00edtica de Privacidad. Si el usuario no est\u00e1 de acuerdo con las condiciones aqu\u00ed establecidas deber\u00eda desestimar el acceso y la utilizaci\u00f3n del sitio web.<\/p>\n\n\n\n<p>El contenido del sitio web es propiedad de Atreyu Investments, y se proh\u00edbe cualquier tipo de copia o reproducci\u00f3n de todo o parte del contenido sin autorizaci\u00f3n expresa de su propietario.<\/p>\n\n\n\n<p>Atreyu Investments, no asume ninguna responsabilidad sobre los enlaces externos de terceros que pudieran incorporarse en el sitio web, al no tener ning\u00fan tipo de control sobre ellos, sobre sus contenidos, los servicios que presten o la forma en que \u00e9stos aparezcan.<\/p>\n\n\n\n<p>El usuario del sitio web se compromete a hacer un uso adecuado del mismo, a no emplearlo para pr\u00e1cticas contrarias a la Ley o la buena fe y a no provocar da\u00f1os en los sistemas f\u00edsicos y l\u00f3gicos de <strong>Atreyu Investments<\/strong>.<\/p>\n\t\t\t\t\t\t<\/div>\n\t\t\t\t<\/div>\n\t\t\t\t\t<\/div>\n\t\t<\/div>\n\t\t\t\t\t\t\t<\/div>\n\t\t<\/section>\n\t\t\t\t\t\t\t<\/div>\n\t\t","protected":false},"excerpt":{"rendered":"<p>ATREYU INVESTMENTS S.L., en cumplimiento del art\u00edculo 10 de la Ley 34\/2002 de Servicios de la Sociedad de la Informaci\u00f3n y Comercio Electr\u00f3nico, informa: Que es titular del dominio y del sitio web (https:\/\/offroadspaintours.com\/\/). Que sus datos identificativos son: ATREYU INVESTMENTS S.L. Escritor Perrault. 18004 &#8211; GRENADE +34 699 147 544 \/\/ hola@offroadspaintours.com Que se [&hellip;]<\/p>\n","protected":false},"author":1,"featured_media":0,"parent":0,"menu_order":97,"comment_status":"closed","ping_status":"closed","template":"","meta":{"_joinchat":[]},"acf":[],"yoast_head":"<!-- This site is optimized with the Yoast SEO plugin v21.0 - https:\/\/yoast.com\/wordpress\/plugins\/seo\/ -->\n<title>Aviso legal - Off Road Spain Tours<\/title>\n<meta name=\"robots\" content=\"noindex, nofollow\" \/>\n<meta property=\"og:locale\" content=\"es_ES\" \/>\n<meta property=\"og:type\" content=\"article\" \/>\n<meta property=\"og:title\" content=\"Aviso legal - Off Road Spain Tours\" \/>\n<meta property=\"og:description\" content=\"ATREYU INVESTMENTS S.L., en cumplimiento del art\u00edculo 10 de la Ley 34\/2002 de Servicios de la Sociedad de la Informaci\u00f3n y Comercio Electr\u00f3nico, informa: Que es titular del dominio y del sitio web (https:\/\/offroadspaintours.com\/\/). Que sus datos identificativos son: ATREYU INVESTMENTS S.L. Escritor Perrault. 18004 &#8211; GRENADE +34 699 147 544 \/\/ hola@offroadspaintours.com Que se [&hellip;]\" \/>\n<meta property=\"og:url\" content=\"https:\/\/offroadspaintours.com\/es\/aviso-legal\/\" \/>\n<meta property=\"og:site_name\" content=\"Off Road Spain Tours\" \/>\n<meta property=\"article:publisher\" content=\"https:\/\/www.facebook.com\/OffRoadSpainTours\/\" \/>\n<meta property=\"article:modified_time\" content=\"2023-05-26T07:21:51+00:00\" \/>\n<meta property=\"og:image\" content=\"https:\/\/offroadspaintours.com\/wp-content\/uploads\/2023\/05\/imagen-compartir-offroadspaintours.jpg\" \/>\n\t<meta property=\"og:image:width\" content=\"1200\" \/>\n\t<meta property=\"og:image:height\" content=\"675\" \/>\n\t<meta property=\"og:image:type\" content=\"image\/jpeg\" \/>\n<meta name=\"twitter:card\" content=\"summary_large_image\" \/>\n<meta name=\"twitter:label1\" content=\"Tiempo de lectura\" \/>\n\t<meta name=\"twitter:data1\" content=\"1 minuto\" \/>\n<script type=\"application\/ld+json\" class=\"yoast-schema-graph\">{\"@context\":\"https:\/\/schema.org\",\"@graph\":[{\"@type\":\"WebPage\",\"@id\":\"https:\/\/offroadspaintours.com\/es\/aviso-legal\/\",\"url\":\"https:\/\/offroadspaintours.com\/es\/aviso-legal\/\",\"name\":\"Aviso legal - Off Road Spain Tours\",\"isPartOf\":{\"@id\":\"https:\/\/offroadspaintours.com\/es\/#website\"},\"datePublished\":\"2023-04-10T16:15:21+00:00\",\"dateModified\":\"2023-05-26T07:21:51+00:00\",\"breadcrumb\":{\"@id\":\"https:\/\/offroadspaintours.com\/es\/aviso-legal\/#breadcrumb\"},\"inLanguage\":\"es\",\"potentialAction\":[{\"@type\":\"ReadAction\",\"target\":[\"https:\/\/offroadspaintours.com\/es\/aviso-legal\/\"]}]},{\"@type\":\"BreadcrumbList\",\"@id\":\"https:\/\/offroadspaintours.com\/es\/aviso-legal\/#breadcrumb\",\"itemListElement\":[{\"@type\":\"ListItem\",\"position\":1,\"name\":\"Home\",\"item\":\"https:\/\/offroadspaintours.com\/es\/\"},{\"@type\":\"ListItem\",\"position\":2,\"name\":\"Aviso legal\"}]},{\"@type\":\"WebSite\",\"@id\":\"https:\/\/offroadspaintours.com\/es\/#website\",\"url\":\"https:\/\/offroadspaintours.com\/es\/\",\"name\":\"Off Road Spain Tours\",\"description\":\"Visit incredible places accompanied by expert guides in the area along with a group of people who are passionate about motorbikes.\",\"publisher\":{\"@id\":\"https:\/\/offroadspaintours.com\/es\/#organization\"},\"alternateName\":\"Off Road Spain Tours\",\"potentialAction\":[{\"@type\":\"SearchAction\",\"target\":{\"@type\":\"EntryPoint\",\"urlTemplate\":\"https:\/\/offroadspaintours.com\/es\/?s={search_term_string}\"},\"query-input\":\"required name=search_term_string\"}],\"inLanguage\":\"es\"},{\"@type\":\"Organization\",\"@id\":\"https:\/\/offroadspaintours.com\/es\/#organization\",\"name\":\"Off Road Spain Tours\",\"alternateName\":\"Off Road Spain Tours\",\"url\":\"https:\/\/offroadspaintours.com\/es\/\",\"logo\":{\"@type\":\"ImageObject\",\"inLanguage\":\"es\",\"@id\":\"https:\/\/offroadspaintours.com\/es\/#\/schema\/logo\/image\/\",\"url\":\"https:\/\/offroadspaintours.com\/wp-content\/uploads\/2023\/03\/logo-offroadspain-web.png\",\"contentUrl\":\"https:\/\/offroadspaintours.com\/wp-content\/uploads\/2023\/03\/logo-offroadspain-web.png\",\"width\":500,\"height\":510,\"caption\":\"Off Road Spain Tours\"},\"image\":{\"@id\":\"https:\/\/offroadspaintours.com\/es\/#\/schema\/logo\/image\/\"},\"sameAs\":[\"https:\/\/www.facebook.com\/OffRoadSpainTours\/\",\"https:\/\/www.instagram.com\/offroadspaintours\/\"]}]}<\/script>\n<!-- \/ Yoast SEO plugin. -->","yoast_head_json":{"title":"Aviso legal - Off Road Spain Tours","robots":{"index":"noindex","follow":"nofollow"},"og_locale":"es_ES","og_type":"article","og_title":"Aviso legal - Off Road Spain Tours","og_description":"ATREYU INVESTMENTS S.L., en cumplimiento del art\u00edculo 10 de la Ley 34\/2002 de Servicios de la Sociedad de la Informaci\u00f3n y Comercio Electr\u00f3nico, informa: Que es titular del dominio y del sitio web (https:\/\/offroadspaintours.com\/\/). Que sus datos identificativos son: ATREYU INVESTMENTS S.L. Escritor Perrault. 18004 &#8211; GRENADE +34 699 147 544 \/\/ hola@offroadspaintours.com Que se [&hellip;]","og_url":"https:\/\/offroadspaintours.com\/es\/aviso-legal\/","og_site_name":"Off Road Spain Tours","article_publisher":"https:\/\/www.facebook.com\/OffRoadSpainTours\/","article_modified_time":"2023-05-26T07:21:51+00:00","og_image":[{"width":1200,"height":675,"url":"https:\/\/offroadspaintours.com\/wp-content\/uploads\/2023\/05\/imagen-compartir-offroadspaintours.jpg","type":"image\/jpeg"}],"twitter_card":"summary_large_image","twitter_misc":{"Tiempo de lectura":"1 minuto"},"schema":{"@context":"https:\/\/schema.org","@graph":[{"@type":"WebPage","@id":"https:\/\/offroadspaintours.com\/es\/aviso-legal\/","url":"https:\/\/offroadspaintours.com\/es\/aviso-legal\/","name":"Aviso legal - Off Road Spain Tours","isPartOf":{"@id":"https:\/\/offroadspaintours.com\/es\/#website"},"datePublished":"2023-04-10T16:15:21+00:00","dateModified":"2023-05-26T07:21:51+00:00","breadcrumb":{"@id":"https:\/\/offroadspaintours.com\/es\/aviso-legal\/#breadcrumb"},"inLanguage":"es","potentialAction":[{"@type":"ReadAction","target":["https:\/\/offroadspaintours.com\/es\/aviso-legal\/"]}]},{"@type":"BreadcrumbList","@id":"https:\/\/offroadspaintours.com\/es\/aviso-legal\/#breadcrumb","itemListElement":[{"@type":"ListItem","position":1,"name":"Home","item":"https:\/\/offroadspaintours.com\/es\/"},{"@type":"ListItem","position":2,"name":"Aviso legal"}]},{"@type":"WebSite","@id":"https:\/\/offroadspaintours.com\/es\/#website","url":"https:\/\/offroadspaintours.com\/es\/","name":"Off Road Spain Tours","description":"Visit incredible places accompanied by expert guides in the area along with a group of people who are passionate about motorbikes.","publisher":{"@id":"https:\/\/offroadspaintours.com\/es\/#organization"},"alternateName":"Off Road Spain Tours","potentialAction":[{"@type":"SearchAction","target":{"@type":"EntryPoint","urlTemplate":"https:\/\/offroadspaintours.com\/es\/?s={search_term_string}"},"query-input":"required name=search_term_string"}],"inLanguage":"es"},{"@type":"Organization","@id":"https:\/\/offroadspaintours.com\/es\/#organization","name":"Off Road Spain Tours","alternateName":"Off Road Spain Tours","url":"https:\/\/offroadspaintours.com\/es\/","logo":{"@type":"ImageObject","inLanguage":"es","@id":"https:\/\/offroadspaintours.com\/es\/#\/schema\/logo\/image\/","url":"https:\/\/offroadspaintours.com\/wp-content\/uploads\/2023\/03\/logo-offroadspain-web.png","contentUrl":"https:\/\/offroadspaintours.com\/wp-content\/uploads\/2023\/03\/logo-offroadspain-web.png","width":500,"height":510,"caption":"Off Road Spain Tours"},"image":{"@id":"https:\/\/offroadspaintours.com\/es\/#\/schema\/logo\/image\/"},"sameAs":["https:\/\/www.facebook.com\/OffRoadSpainTours\/","https:\/\/www.instagram.com\/offroadspaintours\/"]}]}},"_links":{"self":[{"href":"https:\/\/offroadspaintours.com\/es\/wp-json\/wp\/v2\/pages\/797"}],"collection":[{"href":"https:\/\/offroadspaintours.com\/es\/wp-json\/wp\/v2\/pages"}],"about":[{"href":"https:\/\/offroadspaintours.com\/es\/wp-json\/wp\/v2\/types\/page"}],"author":[{"embeddable":true,"href":"https:\/\/offroadspaintours.com\/es\/wp-json\/wp\/v2\/users\/1"}],"replies":[{"embeddable":true,"href":"https:\/\/offroadspaintours.com\/es\/wp-json\/wp\/v2\/comments?post=797"}],"version-history":[{"count":4,"href":"https:\/\/offroadspaintours.com\/es\/wp-json\/wp\/v2\/pages\/797\/revisions"}],"predecessor-version":[{"id":1042,"href":"https:\/\/offroadspaintours.com\/es\/wp-json\/wp\/v2\/pages\/797\/revisions\/1042"}],"wp:attachment":[{"href":"https:\/\/offroadspaintours.com\/es\/wp-json\/wp\/v2\/media?parent=797"}],"curies":[{"name":"wp","href":"https:\/\/api.w.org\/{rel}","templated":true}]}}