{"id":649,"date":"2023-04-10T18:15:50","date_gmt":"2023-04-10T16:15:50","guid":{"rendered":"https:\/\/offroadspaintours.com\/politica-de-privacidad\/"},"modified":"2023-05-26T09:22:10","modified_gmt":"2023-05-26T07:22:10","slug":"politica-de-privacidad","status":"publish","type":"page","link":"https:\/\/offroadspaintours.com\/es\/politica-de-privacidad\/","title":{"rendered":"Pol\u00edtica de privacidad"},"content":{"rendered":"\t\t<div data-elementor-type=\"wp-page\" data-elementor-id=\"649\" class=\"elementor elementor-649 elementor-400\">\n\t\t\t\t\t\t\t\t\t<section class=\"elementor-section elementor-top-section elementor-element elementor-element-21948e69 elementor-section-boxed elementor-section-height-default elementor-section-height-default\" data-id=\"21948e69\" data-element_type=\"section\">\n\t\t\t\t\t\t<div class=\"elementor-container elementor-column-gap-default\">\n\t\t\t\t\t<div class=\"elementor-column elementor-col-100 elementor-top-column elementor-element elementor-element-57eece73\" data-id=\"57eece73\" data-element_type=\"column\">\n\t\t\t<div class=\"elementor-widget-wrap elementor-element-populated\">\n\t\t\t\t\t\t\t\t<div class=\"elementor-element elementor-element-75781265 elementor-widget elementor-widget-text-editor\" data-id=\"75781265\" data-element_type=\"widget\" data-widget_type=\"text-editor.default\">\n\t\t\t\t<div class=\"elementor-widget-container\">\n\t\t\t<style>\/*! elementor - v3.13.3 - 22-05-2023 *\/\n.elementor-widget-text-editor.elementor-drop-cap-view-stacked .elementor-drop-cap{background-color:#69727d;color:#fff}.elementor-widget-text-editor.elementor-drop-cap-view-framed .elementor-drop-cap{color:#69727d;border:3px solid;background-color:transparent}.elementor-widget-text-editor:not(.elementor-drop-cap-view-default) .elementor-drop-cap{margin-top:8px}.elementor-widget-text-editor:not(.elementor-drop-cap-view-default) .elementor-drop-cap-letter{width:1em;height:1em}.elementor-widget-text-editor .elementor-drop-cap{float:left;text-align:center;line-height:1;font-size:50px}.elementor-widget-text-editor .elementor-drop-cap-letter{display:inline-block}<\/style>\t\t\t\t\n<p>Seg\u00fan lo establecido en el RGPD (Reglamento (UE) 2016\/679), les proporcionamos la Informaci\u00f3n Detallada de Protecci\u00f3n de Datos que se expone a continuaci\u00f3n:<\/p>\n\n\n\n<p><strong>Responsable:<\/strong><\/p>\n\n\n\n<ul>\n<li>Raz\u00f3n Social: ATREYU INVESTMENTS S.L.<\/li>\n\n\n\n<li>C.I.F.: B-19616440<\/li>\n\n\n\n<li>Direcci\u00f3n: 18004 &#8211; GRANADA<\/li>\n\n\n\n<li>Tel\u00e9fono: +34 699 147 544<\/li>\n\n\n\n<li>Email: <a href=\"mailto:hola@offroadspaintours.com\">hola@offroadspaintours.com<\/a><\/li>\n<\/ul>\n\n\n\n<p><strong>Finalidad:<\/strong><\/p>\n\n\n\n<p>Le informamos que los Datos de Car\u00e1cter Personal recogidos, ser\u00e1n incorporados a un Fichero bajo nuestra responsabilidad, con la finalidad de gestionar el env\u00edo de la informaci\u00f3n que nos soliciten y facilitar a los interesados ofertas de productos y servicios de su inter\u00e9s. Los datos proporcionados se conservar\u00e1n mientras se mantenga la relaci\u00f3n comercial, durante los a\u00f1os necesarios para cumplir con las obligaciones legales o se solicite su supresi\u00f3n por el interesado.<\/p>\n\n\n\n<p><strong>Legitimaci\u00f3n:<\/strong><\/p>\n\n\n\n<p>Los Datos de Car\u00e1cter Personal obtenidos en esta P\u00e1gina Web, as\u00ed como la oferta de productos y servicios ofrecidos, est\u00e1 basada en el consentimiento que se le solicita al interesado.<\/p>\n\n\n\n<p>El interesado tendr\u00e1 derecho a retirar su consentimiento en cualquier momento. La retirada del consentimiento no afectar\u00e1 a la licitud del tratamiento basada en el consentimiento previo a su retirada.<\/p>\n\n\n\n<p><strong>Destinatarios:<\/strong><\/p>\n\n\n\n<p>No se ceder\u00e1n datos a terceros, salvo obligaci\u00f3n legal.<\/p>\n\n\n\n<p><strong>Derechos:<\/strong><\/p>\n\n\n\n<p>Usted como interesado directo, tiene derecho a obtener confirmaci\u00f3n sobre si en Atreyu Investments SL estamos tratando datos personales que le conciernen, o no. Usted tiene derecho a acceder a sus datos personales, as\u00ed como a solicitar la rectificaci\u00f3n de los datos inexactos o, en su caso, solicitar su supresi\u00f3n cuando, entre otros motivos, los datos ya no sean necesarios para los fines que fueron recogidos.<\/p>\n\n\n\n<p>En determinadas circunstancias, usted podr\u00e1 solicitar la limitaci\u00f3n del tratamiento de sus datos, en cuyo caso \u00fanicamente los conservaremos para el ejercicio o la defensa de reclamaciones.<\/p>\n\n\n\n<p>En determinadas circunstancias y por motivos relacionados con su situaci\u00f3n particular, usted podr\u00e1 oponerse al tratamiento de sus datos.&nbsp; Atreyu Investments SL dejar\u00e1 de tratar los datos, salvo por motivos leg\u00edtimos imperiosos, o el ejercicio o la defensa de posibles reclamaciones.<\/p>\n\n\n\n<p>En determinadas circunstancias, usted tendr\u00e1 derecho a recibir los datos personales que le incumban y que nos haya facilitado, y transmitirlos o solicitar que se los proporcionemos a un tercero sin objeci\u00f3n por nuestra parte (derecho a la portabilidad de datos).<\/p>\n\n\n\n<p>En determinadas circunstancias, le informamos que tendr\u00e1 derecho a no ser objeto de una decisi\u00f3n basada \u00fanicamente en el tratamiento automatizado, incluida la elaboraci\u00f3n de perfiles, que produzca efectos jur\u00eddicos sobre usted o le afecte significativamente de modo similar.<\/p>\n\t\t\t\t\t\t<\/div>\n\t\t\t\t<\/div>\n\t\t\t\t\t<\/div>\n\t\t<\/div>\n\t\t\t\t\t\t\t<\/div>\n\t\t<\/section>\n\t\t\t\t\t\t\t<\/div>\n\t\t","protected":false},"excerpt":{"rendered":"<p>Seg\u00fan lo establecido en el RGPD (Reglamento (UE) 2016\/679), les proporcionamos la Informaci\u00f3n Detallada de Protecci\u00f3n de Datos que se expone a continuaci\u00f3n: Responsable: Raz\u00f3n Social: ATREYU INVESTMENTS S.L. C.I.F.: B-19616440 Direcci\u00f3n: 18004 &#8211; GRANADA Tel\u00e9fono: +34 699 147 544 Email: hola@offroadspaintours.com Finalidad: Le informamos que los Datos de Car\u00e1cter Personal recogidos, ser\u00e1n incorporados a [&hellip;]<\/p>\n","protected":false},"author":1,"featured_media":0,"parent":0,"menu_order":98,"comment_status":"closed","ping_status":"closed","template":"","meta":{"_joinchat":[]},"acf":[],"yoast_head":"<!-- This site is optimized with the Yoast SEO plugin v21.0 - https:\/\/yoast.com\/wordpress\/plugins\/seo\/ -->\n<title>Pol\u00edtica de privacidad - Off Road Spain Tours<\/title>\n<meta name=\"robots\" content=\"noindex, nofollow\" \/>\n<meta property=\"og:locale\" content=\"es_ES\" \/>\n<meta property=\"og:type\" content=\"article\" \/>\n<meta property=\"og:title\" content=\"Pol\u00edtica de privacidad - Off Road Spain Tours\" \/>\n<meta property=\"og:description\" content=\"Seg\u00fan lo establecido en el RGPD (Reglamento (UE) 2016\/679), les proporcionamos la Informaci\u00f3n Detallada de Protecci\u00f3n de Datos que se expone a continuaci\u00f3n: Responsable: Raz\u00f3n Social: ATREYU INVESTMENTS S.L. C.I.F.: B-19616440 Direcci\u00f3n: 18004 &#8211; GRANADA Tel\u00e9fono: +34 699 147 544 Email: hola@offroadspaintours.com Finalidad: Le informamos que los Datos de Car\u00e1cter Personal recogidos, ser\u00e1n incorporados a [&hellip;]\" \/>\n<meta property=\"og:url\" content=\"https:\/\/offroadspaintours.com\/es\/politica-de-privacidad\/\" \/>\n<meta property=\"og:site_name\" content=\"Off Road Spain Tours\" \/>\n<meta property=\"article:publisher\" content=\"https:\/\/www.facebook.com\/OffRoadSpainTours\/\" \/>\n<meta property=\"article:modified_time\" content=\"2023-05-26T07:22:10+00:00\" \/>\n<meta property=\"og:image\" content=\"https:\/\/offroadspaintours.com\/wp-content\/uploads\/2023\/05\/imagen-compartir-offroadspaintours.jpg\" \/>\n\t<meta property=\"og:image:width\" content=\"1200\" \/>\n\t<meta property=\"og:image:height\" content=\"675\" \/>\n\t<meta property=\"og:image:type\" content=\"image\/jpeg\" \/>\n<meta name=\"twitter:card\" content=\"summary_large_image\" \/>\n<meta name=\"twitter:label1\" content=\"Tiempo de lectura\" \/>\n\t<meta name=\"twitter:data1\" content=\"2 minutos\" \/>\n<script type=\"application\/ld+json\" class=\"yoast-schema-graph\">{\"@context\":\"https:\/\/schema.org\",\"@graph\":[{\"@type\":\"WebPage\",\"@id\":\"https:\/\/offroadspaintours.com\/es\/politica-de-privacidad\/\",\"url\":\"https:\/\/offroadspaintours.com\/es\/politica-de-privacidad\/\",\"name\":\"Pol\u00edtica de privacidad - Off Road Spain Tours\",\"isPartOf\":{\"@id\":\"https:\/\/offroadspaintours.com\/es\/#website\"},\"datePublished\":\"2023-04-10T16:15:50+00:00\",\"dateModified\":\"2023-05-26T07:22:10+00:00\",\"breadcrumb\":{\"@id\":\"https:\/\/offroadspaintours.com\/es\/politica-de-privacidad\/#breadcrumb\"},\"inLanguage\":\"es\",\"potentialAction\":[{\"@type\":\"ReadAction\",\"target\":[\"https:\/\/offroadspaintours.com\/es\/politica-de-privacidad\/\"]}]},{\"@type\":\"BreadcrumbList\",\"@id\":\"https:\/\/offroadspaintours.com\/es\/politica-de-privacidad\/#breadcrumb\",\"itemListElement\":[{\"@type\":\"ListItem\",\"position\":1,\"name\":\"Home\",\"item\":\"https:\/\/offroadspaintours.com\/es\/\"},{\"@type\":\"ListItem\",\"position\":2,\"name\":\"Pol\u00edtica de privacidad\"}]},{\"@type\":\"WebSite\",\"@id\":\"https:\/\/offroadspaintours.com\/es\/#website\",\"url\":\"https:\/\/offroadspaintours.com\/es\/\",\"name\":\"Off Road Spain Tours\",\"description\":\"Visit incredible places accompanied by expert guides in the area along with a group of people who are passionate about motorbikes.\",\"publisher\":{\"@id\":\"https:\/\/offroadspaintours.com\/es\/#organization\"},\"alternateName\":\"Off Road Spain Tours\",\"potentialAction\":[{\"@type\":\"SearchAction\",\"target\":{\"@type\":\"EntryPoint\",\"urlTemplate\":\"https:\/\/offroadspaintours.com\/es\/?s={search_term_string}\"},\"query-input\":\"required name=search_term_string\"}],\"inLanguage\":\"es\"},{\"@type\":\"Organization\",\"@id\":\"https:\/\/offroadspaintours.com\/es\/#organization\",\"name\":\"Off Road Spain Tours\",\"alternateName\":\"Off Road Spain Tours\",\"url\":\"https:\/\/offroadspaintours.com\/es\/\",\"logo\":{\"@type\":\"ImageObject\",\"inLanguage\":\"es\",\"@id\":\"https:\/\/offroadspaintours.com\/es\/#\/schema\/logo\/image\/\",\"url\":\"https:\/\/offroadspaintours.com\/wp-content\/uploads\/2023\/03\/logo-offroadspain-web.png\",\"contentUrl\":\"https:\/\/offroadspaintours.com\/wp-content\/uploads\/2023\/03\/logo-offroadspain-web.png\",\"width\":500,\"height\":510,\"caption\":\"Off Road Spain Tours\"},\"image\":{\"@id\":\"https:\/\/offroadspaintours.com\/es\/#\/schema\/logo\/image\/\"},\"sameAs\":[\"https:\/\/www.facebook.com\/OffRoadSpainTours\/\",\"https:\/\/www.instagram.com\/offroadspaintours\/\"]}]}<\/script>\n<!-- \/ Yoast SEO plugin. -->","yoast_head_json":{"title":"Pol\u00edtica de privacidad - Off Road Spain Tours","robots":{"index":"noindex","follow":"nofollow"},"og_locale":"es_ES","og_type":"article","og_title":"Pol\u00edtica de privacidad - Off Road Spain Tours","og_description":"Seg\u00fan lo establecido en el RGPD (Reglamento (UE) 2016\/679), les proporcionamos la Informaci\u00f3n Detallada de Protecci\u00f3n de Datos que se expone a continuaci\u00f3n: Responsable: Raz\u00f3n Social: ATREYU INVESTMENTS S.L. C.I.F.: B-19616440 Direcci\u00f3n: 18004 &#8211; GRANADA Tel\u00e9fono: +34 699 147 544 Email: hola@offroadspaintours.com Finalidad: Le informamos que los Datos de Car\u00e1cter Personal recogidos, ser\u00e1n incorporados a [&hellip;]","og_url":"https:\/\/offroadspaintours.com\/es\/politica-de-privacidad\/","og_site_name":"Off Road Spain Tours","article_publisher":"https:\/\/www.facebook.com\/OffRoadSpainTours\/","article_modified_time":"2023-05-26T07:22:10+00:00","og_image":[{"width":1200,"height":675,"url":"https:\/\/offroadspaintours.com\/wp-content\/uploads\/2023\/05\/imagen-compartir-offroadspaintours.jpg","type":"image\/jpeg"}],"twitter_card":"summary_large_image","twitter_misc":{"Tiempo de lectura":"2 minutos"},"schema":{"@context":"https:\/\/schema.org","@graph":[{"@type":"WebPage","@id":"https:\/\/offroadspaintours.com\/es\/politica-de-privacidad\/","url":"https:\/\/offroadspaintours.com\/es\/politica-de-privacidad\/","name":"Pol\u00edtica de privacidad - Off Road Spain Tours","isPartOf":{"@id":"https:\/\/offroadspaintours.com\/es\/#website"},"datePublished":"2023-04-10T16:15:50+00:00","dateModified":"2023-05-26T07:22:10+00:00","breadcrumb":{"@id":"https:\/\/offroadspaintours.com\/es\/politica-de-privacidad\/#breadcrumb"},"inLanguage":"es","potentialAction":[{"@type":"ReadAction","target":["https:\/\/offroadspaintours.com\/es\/politica-de-privacidad\/"]}]},{"@type":"BreadcrumbList","@id":"https:\/\/offroadspaintours.com\/es\/politica-de-privacidad\/#breadcrumb","itemListElement":[{"@type":"ListItem","position":1,"name":"Home","item":"https:\/\/offroadspaintours.com\/es\/"},{"@type":"ListItem","position":2,"name":"Pol\u00edtica de privacidad"}]},{"@type":"WebSite","@id":"https:\/\/offroadspaintours.com\/es\/#website","url":"https:\/\/offroadspaintours.com\/es\/","name":"Off Road Spain Tours","description":"Visit incredible places accompanied by expert guides in the area along with a group of people who are passionate about motorbikes.","publisher":{"@id":"https:\/\/offroadspaintours.com\/es\/#organization"},"alternateName":"Off Road Spain Tours","potentialAction":[{"@type":"SearchAction","target":{"@type":"EntryPoint","urlTemplate":"https:\/\/offroadspaintours.com\/es\/?s={search_term_string}"},"query-input":"required name=search_term_string"}],"inLanguage":"es"},{"@type":"Organization","@id":"https:\/\/offroadspaintours.com\/es\/#organization","name":"Off Road Spain Tours","alternateName":"Off Road Spain Tours","url":"https:\/\/offroadspaintours.com\/es\/","logo":{"@type":"ImageObject","inLanguage":"es","@id":"https:\/\/offroadspaintours.com\/es\/#\/schema\/logo\/image\/","url":"https:\/\/offroadspaintours.com\/wp-content\/uploads\/2023\/03\/logo-offroadspain-web.png","contentUrl":"https:\/\/offroadspaintours.com\/wp-content\/uploads\/2023\/03\/logo-offroadspain-web.png","width":500,"height":510,"caption":"Off Road Spain Tours"},"image":{"@id":"https:\/\/offroadspaintours.com\/es\/#\/schema\/logo\/image\/"},"sameAs":["https:\/\/www.facebook.com\/OffRoadSpainTours\/","https:\/\/www.instagram.com\/offroadspaintours\/"]}]}},"_links":{"self":[{"href":"https:\/\/offroadspaintours.com\/es\/wp-json\/wp\/v2\/pages\/649"}],"collection":[{"href":"https:\/\/offroadspaintours.com\/es\/wp-json\/wp\/v2\/pages"}],"about":[{"href":"https:\/\/offroadspaintours.com\/es\/wp-json\/wp\/v2\/types\/page"}],"author":[{"embeddable":true,"href":"https:\/\/offroadspaintours.com\/es\/wp-json\/wp\/v2\/users\/1"}],"replies":[{"embeddable":true,"href":"https:\/\/offroadspaintours.com\/es\/wp-json\/wp\/v2\/comments?post=649"}],"version-history":[{"count":2,"href":"https:\/\/offroadspaintours.com\/es\/wp-json\/wp\/v2\/pages\/649\/revisions"}],"predecessor-version":[{"id":1043,"href":"https:\/\/offroadspaintours.com\/es\/wp-json\/wp\/v2\/pages\/649\/revisions\/1043"}],"wp:attachment":[{"href":"https:\/\/offroadspaintours.com\/es\/wp-json\/wp\/v2\/media?parent=649"}],"curies":[{"name":"wp","href":"https:\/\/api.w.org\/{rel}","templated":true}]}}