{"id":517,"date":"2023-04-10T16:01:29","date_gmt":"2023-04-10T14:01:29","guid":{"rendered":"https:\/\/offroadspaintours.com\/blog\/"},"modified":"2023-05-25T21:33:59","modified_gmt":"2023-05-25T19:33:59","slug":"blog","status":"publish","type":"page","link":"https:\/\/offroadspaintours.com\/es\/blog\/","title":{"rendered":"Blog"},"content":{"rendered":"\t\t<div data-elementor-type=\"wp-page\" data-elementor-id=\"517\" class=\"elementor elementor-517 elementor-369\">\n\t\t\t\t\t\t\t\t\t<section class=\"elementor-section elementor-top-section elementor-element elementor-element-e0ae684 elementor-section-height-min-height elementor-section-full_width elementor-section-items-bottom elementor-section-height-default\" data-id=\"e0ae684\" data-element_type=\"section\" data-settings=\"{&quot;background_background&quot;:&quot;classic&quot;}\">\n\t\t\t\t\t\t<div class=\"elementor-container elementor-column-gap-no\">\n\t\t\t\t\t<div class=\"elementor-column elementor-col-100 elementor-top-column elementor-element elementor-element-199e0d3 animated-fast elementor-invisible\" data-id=\"199e0d3\" data-element_type=\"column\" data-settings=\"{&quot;background_background&quot;:&quot;classic&quot;,&quot;animation&quot;:&quot;fadeInUp&quot;}\">\n\t\t\t<div class=\"elementor-widget-wrap elementor-element-populated\">\n\t\t\t\t\t\t\t\t<section class=\"elementor-section elementor-inner-section elementor-element elementor-element-b8550c8 elementor-section-full_width elementor-section-height-default elementor-section-height-default\" data-id=\"b8550c8\" data-element_type=\"section\" data-settings=\"{&quot;background_background&quot;:&quot;classic&quot;}\">\n\t\t\t\t\t\t<div class=\"elementor-container elementor-column-gap-default\">\n\t\t\t\t\t<div class=\"elementor-column elementor-col-100 elementor-inner-column elementor-element elementor-element-fb173eb\" data-id=\"fb173eb\" data-element_type=\"column\" data-settings=\"{&quot;background_background&quot;:&quot;classic&quot;,&quot;animation&quot;:&quot;none&quot;}\">\n\t\t\t<div class=\"elementor-widget-wrap elementor-element-populated\">\n\t\t\t\t\t\t\t\t<div class=\"elementor-element elementor-element-3fc8e4f elementor-widget elementor-widget-heading\" data-id=\"3fc8e4f\" data-element_type=\"widget\" data-widget_type=\"heading.default\">\n\t\t\t\t<div class=\"elementor-widget-container\">\n\t\t\t<style>\/*! elementor - v3.13.3 - 22-05-2023 *\/\n.elementor-heading-title{padding:0;margin:0;line-height:1}.elementor-widget-heading .elementor-heading-title[class*=elementor-size-]>a{color:inherit;font-size:inherit;line-height:inherit}.elementor-widget-heading .elementor-heading-title.elementor-size-small{font-size:15px}.elementor-widget-heading .elementor-heading-title.elementor-size-medium{font-size:19px}.elementor-widget-heading .elementor-heading-title.elementor-size-large{font-size:29px}.elementor-widget-heading .elementor-heading-title.elementor-size-xl{font-size:39px}.elementor-widget-heading .elementor-heading-title.elementor-size-xxl{font-size:59px}<\/style><h1 class=\"elementor-heading-title elementor-size-default\">Blog<\/h1>\t\t<\/div>\n\t\t\t\t<\/div>\n\t\t\t\t\t<\/div>\n\t\t<\/div>\n\t\t\t\t\t\t\t<\/div>\n\t\t<\/section>\n\t\t\t\t\t<\/div>\n\t\t<\/div>\n\t\t\t\t\t\t\t<\/div>\n\t\t<\/section>\n\t\t\t\t<section class=\"elementor-section elementor-top-section elementor-element elementor-element-7ccdfcd elementor-section-boxed elementor-section-height-default elementor-section-height-default\" data-id=\"7ccdfcd\" data-element_type=\"section\" data-settings=\"{&quot;background_background&quot;:&quot;slideshow&quot;,&quot;background_slideshow_gallery&quot;:[],&quot;background_slideshow_slide_duration&quot;:5000,&quot;background_slideshow_slide_transition&quot;:&quot;fade&quot;,&quot;background_slideshow_transition_duration&quot;:500}\">\n\t\t\t\t\t\t\t<div class=\"elementor-background-overlay\"><\/div>\n\t\t\t\t\t\t\t<div class=\"elementor-container elementor-column-gap-no\">\n\t\t\t\t\t<div class=\"elementor-column elementor-col-50 elementor-top-column elementor-element elementor-element-0a372d2\" data-id=\"0a372d2\" data-element_type=\"column\">\n\t\t\t<div class=\"elementor-widget-wrap elementor-element-populated\">\n\t\t\t\t\t\t\t\t<div class=\"elementor-element elementor-element-f4515d0 elementor-align-center elementor-widget elementor-widget-button\" data-id=\"f4515d0\" data-element_type=\"widget\" data-widget_type=\"button.default\">\n\t\t\t\t<div class=\"elementor-widget-container\">\n\t\t\t\t\t<div class=\"elementor-button-wrapper\">\n\t\t\t<a href=\"https:\/\/offroadspaintours.com\/experiences\/\" class=\"elementor-button-link elementor-button elementor-size-sm\" role=\"button\">\n\t\t\t\t\t\t<span class=\"elementor-button-content-wrapper\">\n\t\t\t\t\t\t\t<span class=\"elementor-button-icon elementor-align-icon-left\">\n\t\t\t\t<i aria-hidden=\"true\" class=\"fas fa-motorcycle\"><\/i>\t\t\t<\/span>\n\t\t\t\t\t\t<span class=\"elementor-button-text\">Experiencias<\/span>\n\t\t<\/span>\n\t\t\t\t\t<\/a>\n\t\t<\/div>\n\t\t\t\t<\/div>\n\t\t\t\t<\/div>\n\t\t\t\t\t<\/div>\n\t\t<\/div>\n\t\t\t\t<div class=\"elementor-column elementor-col-50 elementor-top-column elementor-element elementor-element-16ce95d\" data-id=\"16ce95d\" data-element_type=\"column\">\n\t\t\t<div class=\"elementor-widget-wrap elementor-element-populated\">\n\t\t\t\t\t\t\t\t<div class=\"elementor-element elementor-element-06dde1c elementor-align-center elementor-widget elementor-widget-button\" data-id=\"06dde1c\" data-element_type=\"widget\" data-widget_type=\"button.default\">\n\t\t\t\t<div class=\"elementor-widget-container\">\n\t\t\t\t\t<div class=\"elementor-button-wrapper\">\n\t\t\t<a href=\"https:\/\/offroadspaintours.com\/shop\/\" class=\"elementor-button-link elementor-button elementor-size-sm\" role=\"button\">\n\t\t\t\t\t\t<span class=\"elementor-button-content-wrapper\">\n\t\t\t\t\t\t\t<span class=\"elementor-button-icon elementor-align-icon-left\">\n\t\t\t\t<i aria-hidden=\"true\" class=\"fas fa-shopping-bag\"><\/i>\t\t\t<\/span>\n\t\t\t\t\t\t<span class=\"elementor-button-text\">Tienda<\/span>\n\t\t<\/span>\n\t\t\t\t\t<\/a>\n\t\t<\/div>\n\t\t\t\t<\/div>\n\t\t\t\t<\/div>\n\t\t\t\t\t<\/div>\n\t\t<\/div>\n\t\t\t\t\t\t\t<\/div>\n\t\t<\/section>\n\t\t\t\t<section class=\"elementor-section elementor-top-section elementor-element elementor-element-9d33777 elementor-section-boxed elementor-section-height-default elementor-section-height-default\" data-id=\"9d33777\" data-element_type=\"section\">\n\t\t\t\t\t\t<div class=\"elementor-container elementor-column-gap-default\">\n\t\t\t\t\t<div class=\"elementor-column elementor-col-100 elementor-top-column elementor-element elementor-element-199bd44\" data-id=\"199bd44\" data-element_type=\"column\">\n\t\t\t<div class=\"elementor-widget-wrap elementor-element-populated\">\n\t\t\t\t\t\t\t\t<div class=\"elementor-element elementor-element-078117b elementor-grid-3 elementor-grid-tablet-2 elementor-grid-mobile-1 elementor-posts--thumbnail-top elementor-widget elementor-widget-posts\" data-id=\"078117b\" data-element_type=\"widget\" data-settings=\"{&quot;pagination_type&quot;:&quot;numbers_and_prev_next&quot;,&quot;classic_columns&quot;:&quot;3&quot;,&quot;classic_columns_tablet&quot;:&quot;2&quot;,&quot;classic_columns_mobile&quot;:&quot;1&quot;,&quot;classic_row_gap&quot;:{&quot;unit&quot;:&quot;px&quot;,&quot;size&quot;:35,&quot;sizes&quot;:[]},&quot;classic_row_gap_tablet&quot;:{&quot;unit&quot;:&quot;px&quot;,&quot;size&quot;:&quot;&quot;,&quot;sizes&quot;:[]},&quot;classic_row_gap_mobile&quot;:{&quot;unit&quot;:&quot;px&quot;,&quot;size&quot;:&quot;&quot;,&quot;sizes&quot;:[]}}\" data-widget_type=\"posts.classic\">\n\t\t\t\t<div class=\"elementor-widget-container\">\n\t\t\t<link rel=\"stylesheet\" href=\"https:\/\/offroadspaintours.com\/wp-content\/plugins\/elementor-pro\/assets\/css\/widget-posts.min.css\">\t\t<div class=\"elementor-posts-container elementor-posts elementor-posts--skin-classic elementor-grid\">\n\t\t\t\t<article class=\"elementor-post elementor-grid-item post-936 post type-post status-publish format-standard has-post-thumbnail hentry category-sin-categorizar\">\n\t\t\t\t<a class=\"elementor-post__thumbnail__link\" href=\"https:\/\/offroadspaintours.com\/es\/nuestros-exclusivos-alojamientos-y-actividades\/\" >\n\t\t\t<div class=\"elementor-post__thumbnail\"><img decoding=\"async\" width=\"300\" height=\"169\" src=\"https:\/\/offroadspaintours.com\/wp-content\/uploads\/2023\/05\/El-Reino-Nazari-1-300x169.png\" class=\"attachment-medium size-medium wp-image-942\" alt=\"\" loading=\"lazy\" \/><\/div>\n\t\t<\/a>\n\t\t\t\t<div class=\"elementor-post__text\">\n\t\t\t\t<h3 class=\"elementor-post__title\">\n\t\t\t<a href=\"https:\/\/offroadspaintours.com\/es\/nuestros-exclusivos-alojamientos-y-actividades\/\" >\n\t\t\t\tNUESTROS EXCLUSIVOS ALOJAMIENTOS Y ACTIVIDADES\t\t\t<\/a>\n\t\t<\/h3>\n\t\t\t\t<div class=\"elementor-post__meta-data\">\n\t\t\t\t\t<span class=\"elementor-post-date\">\n\t\t\t18\/05\/2023\t\t<\/span>\n\t\t\t\t<\/div>\n\t\t\t\t<div class=\"elementor-post__excerpt\">\n\t\t\t<p>Vive tu experiencia off-road en los mejores alojamientos y actividades. \u00a1\u00danete!<\/p>\n\t\t<\/div>\n\t\t\n\t\t<a class=\"elementor-post__read-more\" href=\"https:\/\/offroadspaintours.com\/es\/nuestros-exclusivos-alojamientos-y-actividades\/\" aria-label=\"Read more about NUESTROS EXCLUSIVOS ALOJAMIENTOS Y ACTIVIDADES\" >\n\t\t\tLeer m\u00e1s \u00bb\t\t<\/a>\n\n\t\t\t\t<\/div>\n\t\t\t\t<\/article>\n\t\t\t\t<article class=\"elementor-post elementor-grid-item post-923 post type-post status-publish format-standard has-post-thumbnail hentry category-sin-categorizar tag-andalucia tag-maxitrail-es tag-off-road tag-rutas\">\n\t\t\t\t<a class=\"elementor-post__thumbnail__link\" href=\"https:\/\/offroadspaintours.com\/es\/variedad-de-paisajes\/\" >\n\t\t\t<div class=\"elementor-post__thumbnail\"><img decoding=\"async\" width=\"300\" height=\"200\" src=\"https:\/\/offroadspaintours.com\/wp-content\/uploads\/2023\/05\/hermoso-paisaje-natural-montana-300x200.jpg\" class=\"attachment-medium size-medium wp-image-922\" alt=\"\" loading=\"lazy\" srcset=\"https:\/\/offroadspaintours.com\/wp-content\/uploads\/2023\/05\/hermoso-paisaje-natural-montana-300x200.jpg 300w, https:\/\/offroadspaintours.com\/wp-content\/uploads\/2023\/05\/hermoso-paisaje-natural-montana-scaled-600x400.jpg 600w, https:\/\/offroadspaintours.com\/wp-content\/uploads\/2023\/05\/hermoso-paisaje-natural-montana-1024x683.jpg 1024w, https:\/\/offroadspaintours.com\/wp-content\/uploads\/2023\/05\/hermoso-paisaje-natural-montana-768x512.jpg 768w, https:\/\/offroadspaintours.com\/wp-content\/uploads\/2023\/05\/hermoso-paisaje-natural-montana-1536x1024.jpg 1536w, https:\/\/offroadspaintours.com\/wp-content\/uploads\/2023\/05\/hermoso-paisaje-natural-montana-2048x1365.jpg 2048w\" sizes=\"(max-width: 300px) 100vw, 300px\" \/><\/div>\n\t\t<\/a>\n\t\t\t\t<div class=\"elementor-post__text\">\n\t\t\t\t<h3 class=\"elementor-post__title\">\n\t\t\t<a href=\"https:\/\/offroadspaintours.com\/es\/variedad-de-paisajes\/\" >\n\t\t\t\tVARIEDAD DE PAISAJES\t\t\t<\/a>\n\t\t<\/h3>\n\t\t\t\t<div class=\"elementor-post__meta-data\">\n\t\t\t\t\t<span class=\"elementor-post-date\">\n\t\t\t18\/05\/2023\t\t<\/span>\n\t\t\t\t<\/div>\n\t\t\t\t<div class=\"elementor-post__excerpt\">\n\t\t\t<p>Descubre los hermosos paisajes de Andaluc\u00eda en nuestro tour todoterreno y vive una experiencia inolvidable y exclusiva.<\/p>\n\t\t<\/div>\n\t\t\n\t\t<a class=\"elementor-post__read-more\" href=\"https:\/\/offroadspaintours.com\/es\/variedad-de-paisajes\/\" aria-label=\"Read more about VARIEDAD DE PAISAJES\" >\n\t\t\tLeer m\u00e1s \u00bb\t\t<\/a>\n\n\t\t\t\t<\/div>\n\t\t\t\t<\/article>\n\t\t\t\t<article class=\"elementor-post elementor-grid-item post-904 post type-post status-publish format-standard has-post-thumbnail hentry category-sin-categorizar\">\n\t\t\t\t<a class=\"elementor-post__thumbnail__link\" href=\"https:\/\/offroadspaintours.com\/es\/nuestra-primera-ruta-reino-nazari\/\" >\n\t\t\t<div class=\"elementor-post__thumbnail\"><img decoding=\"async\" width=\"300\" height=\"200\" src=\"https:\/\/offroadspaintours.com\/wp-content\/uploads\/2023\/03\/granada-3601956-imagen-de-sgrunden-2000x1333-2-300x200.jpg\" class=\"attachment-medium size-medium wp-image-907\" alt=\"\" loading=\"lazy\" \/><\/div>\n\t\t<\/a>\n\t\t\t\t<div class=\"elementor-post__text\">\n\t\t\t\t<h3 class=\"elementor-post__title\">\n\t\t\t<a href=\"https:\/\/offroadspaintours.com\/es\/nuestra-primera-ruta-reino-nazari\/\" >\n\t\t\t\tNUESTRA PRIMERA RUTA: REINO NAZAR\u00cd\t\t\t<\/a>\n\t\t<\/h3>\n\t\t\t\t<div class=\"elementor-post__meta-data\">\n\t\t\t\t\t<span class=\"elementor-post-date\">\n\t\t\t23\/03\/2023\t\t<\/span>\n\t\t\t\t<\/div>\n\t\t\t\t<div class=\"elementor-post__excerpt\">\n\t\t\t<p>Nuestra primera aventura: El Reino Nazar\u00ed, un exclusivo viaje de 6 d\u00edas a traves de 3 hermosas ciudades de Andaluc\u00eda, Espa\u00f1a. \u00a1\u00danete!<\/p>\n\t\t<\/div>\n\t\t\n\t\t<a class=\"elementor-post__read-more\" href=\"https:\/\/offroadspaintours.com\/es\/nuestra-primera-ruta-reino-nazari\/\" aria-label=\"Read more about NUESTRA PRIMERA RUTA: REINO NAZAR\u00cd\" >\n\t\t\tLeer m\u00e1s \u00bb\t\t<\/a>\n\n\t\t\t\t<\/div>\n\t\t\t\t<\/article>\n\t\t\t\t<\/div>\n\t\t\n\t\t\t\t<\/div>\n\t\t\t\t<\/div>\n\t\t\t\t\t<\/div>\n\t\t<\/div>\n\t\t\t\t\t\t\t<\/div>\n\t\t<\/section>\n\t\t\t\t\t\t\t<\/div>\n\t\t","protected":false},"excerpt":{"rendered":"<p>Experiencias Tienda<\/p>\n","protected":false},"author":1,"featured_media":0,"parent":0,"menu_order":0,"comment_status":"closed","ping_status":"closed","template":"","meta":{"_joinchat":[]},"acf":[],"yoast_head":"<!-- This site is optimized with the Yoast SEO plugin v21.0 - https:\/\/yoast.com\/wordpress\/plugins\/seo\/ -->\n<title>Blog - Off Road Spain Tours<\/title>\n<meta name=\"description\" content=\"Conoce todas las novedades sobre rutas, experiencias, consejos y el mundo de las motos en general para estar bien informado.\" \/>\n<meta name=\"robots\" content=\"index, follow, max-snippet:-1, max-image-preview:large, max-video-preview:-1\" \/>\n<link rel=\"canonical\" href=\"https:\/\/offroadspaintours.com\/es\/blog\/\" \/>\n<meta property=\"og:locale\" content=\"es_ES\" \/>\n<meta property=\"og:type\" content=\"article\" \/>\n<meta property=\"og:title\" content=\"Blog - Off Road Spain Tours\" \/>\n<meta property=\"og:description\" content=\"Conoce todas las novedades sobre rutas, experiencias, consejos y el mundo de las motos en general para estar bien informado.\" \/>\n<meta property=\"og:url\" content=\"https:\/\/offroadspaintours.com\/es\/blog\/\" \/>\n<meta property=\"og:site_name\" content=\"Off Road Spain Tours\" \/>\n<meta property=\"article:publisher\" content=\"https:\/\/www.facebook.com\/OffRoadSpainTours\/\" \/>\n<meta property=\"article:modified_time\" content=\"2023-05-25T19:33:59+00:00\" \/>\n<meta property=\"og:image\" content=\"https:\/\/offroadspaintours.com\/wp-content\/uploads\/2023\/05\/imagen-compartir-offroadspaintours.jpg\" \/>\n\t<meta property=\"og:image:width\" content=\"1200\" \/>\n\t<meta property=\"og:image:height\" content=\"675\" \/>\n\t<meta property=\"og:image:type\" content=\"image\/jpeg\" \/>\n<meta name=\"twitter:card\" content=\"summary_large_image\" \/>\n<script type=\"application\/ld+json\" class=\"yoast-schema-graph\">{\"@context\":\"https:\/\/schema.org\",\"@graph\":[{\"@type\":\"WebPage\",\"@id\":\"https:\/\/offroadspaintours.com\/es\/blog\/\",\"url\":\"https:\/\/offroadspaintours.com\/es\/blog\/\",\"name\":\"Blog - Off Road Spain Tours\",\"isPartOf\":{\"@id\":\"https:\/\/offroadspaintours.com\/es\/#website\"},\"datePublished\":\"2023-04-10T14:01:29+00:00\",\"dateModified\":\"2023-05-25T19:33:59+00:00\",\"description\":\"Conoce todas las novedades sobre rutas, experiencias, consejos y el mundo de las motos en general para estar bien informado.\",\"breadcrumb\":{\"@id\":\"https:\/\/offroadspaintours.com\/es\/blog\/#breadcrumb\"},\"inLanguage\":\"es\",\"potentialAction\":[{\"@type\":\"ReadAction\",\"target\":[\"https:\/\/offroadspaintours.com\/es\/blog\/\"]}]},{\"@type\":\"BreadcrumbList\",\"@id\":\"https:\/\/offroadspaintours.com\/es\/blog\/#breadcrumb\",\"itemListElement\":[{\"@type\":\"ListItem\",\"position\":1,\"name\":\"Home\",\"item\":\"https:\/\/offroadspaintours.com\/es\/\"},{\"@type\":\"ListItem\",\"position\":2,\"name\":\"Blog\"}]},{\"@type\":\"WebSite\",\"@id\":\"https:\/\/offroadspaintours.com\/es\/#website\",\"url\":\"https:\/\/offroadspaintours.com\/es\/\",\"name\":\"Off Road Spain Tours\",\"description\":\"Visit incredible places accompanied by expert guides in the area along with a group of people who are passionate about motorbikes.\",\"publisher\":{\"@id\":\"https:\/\/offroadspaintours.com\/es\/#organization\"},\"alternateName\":\"Off Road Spain Tours\",\"potentialAction\":[{\"@type\":\"SearchAction\",\"target\":{\"@type\":\"EntryPoint\",\"urlTemplate\":\"https:\/\/offroadspaintours.com\/es\/?s={search_term_string}\"},\"query-input\":\"required name=search_term_string\"}],\"inLanguage\":\"es\"},{\"@type\":\"Organization\",\"@id\":\"https:\/\/offroadspaintours.com\/es\/#organization\",\"name\":\"Off Road Spain Tours\",\"alternateName\":\"Off Road Spain Tours\",\"url\":\"https:\/\/offroadspaintours.com\/es\/\",\"logo\":{\"@type\":\"ImageObject\",\"inLanguage\":\"es\",\"@id\":\"https:\/\/offroadspaintours.com\/es\/#\/schema\/logo\/image\/\",\"url\":\"https:\/\/offroadspaintours.com\/wp-content\/uploads\/2023\/03\/logo-offroadspain-web.png\",\"contentUrl\":\"https:\/\/offroadspaintours.com\/wp-content\/uploads\/2023\/03\/logo-offroadspain-web.png\",\"width\":500,\"height\":510,\"caption\":\"Off Road Spain Tours\"},\"image\":{\"@id\":\"https:\/\/offroadspaintours.com\/es\/#\/schema\/logo\/image\/\"},\"sameAs\":[\"https:\/\/www.facebook.com\/OffRoadSpainTours\/\",\"https:\/\/www.instagram.com\/offroadspaintours\/\"]}]}<\/script>\n<!-- \/ Yoast SEO plugin. -->","yoast_head_json":{"title":"Blog - Off Road Spain Tours","description":"Conoce todas las novedades sobre rutas, experiencias, consejos y el mundo de las motos en general para estar bien informado.","robots":{"index":"index","follow":"follow","max-snippet":"max-snippet:-1","max-image-preview":"max-image-preview:large","max-video-preview":"max-video-preview:-1"},"canonical":"https:\/\/offroadspaintours.com\/es\/blog\/","og_locale":"es_ES","og_type":"article","og_title":"Blog - Off Road Spain Tours","og_description":"Conoce todas las novedades sobre rutas, experiencias, consejos y el mundo de las motos en general para estar bien informado.","og_url":"https:\/\/offroadspaintours.com\/es\/blog\/","og_site_name":"Off Road Spain Tours","article_publisher":"https:\/\/www.facebook.com\/OffRoadSpainTours\/","article_modified_time":"2023-05-25T19:33:59+00:00","og_image":[{"width":1200,"height":675,"url":"https:\/\/offroadspaintours.com\/wp-content\/uploads\/2023\/05\/imagen-compartir-offroadspaintours.jpg","type":"image\/jpeg"}],"twitter_card":"summary_large_image","schema":{"@context":"https:\/\/schema.org","@graph":[{"@type":"WebPage","@id":"https:\/\/offroadspaintours.com\/es\/blog\/","url":"https:\/\/offroadspaintours.com\/es\/blog\/","name":"Blog - Off Road Spain Tours","isPartOf":{"@id":"https:\/\/offroadspaintours.com\/es\/#website"},"datePublished":"2023-04-10T14:01:29+00:00","dateModified":"2023-05-25T19:33:59+00:00","description":"Conoce todas las novedades sobre rutas, experiencias, consejos y el mundo de las motos en general para estar bien informado.","breadcrumb":{"@id":"https:\/\/offroadspaintours.com\/es\/blog\/#breadcrumb"},"inLanguage":"es","potentialAction":[{"@type":"ReadAction","target":["https:\/\/offroadspaintours.com\/es\/blog\/"]}]},{"@type":"BreadcrumbList","@id":"https:\/\/offroadspaintours.com\/es\/blog\/#breadcrumb","itemListElement":[{"@type":"ListItem","position":1,"name":"Home","item":"https:\/\/offroadspaintours.com\/es\/"},{"@type":"ListItem","position":2,"name":"Blog"}]},{"@type":"WebSite","@id":"https:\/\/offroadspaintours.com\/es\/#website","url":"https:\/\/offroadspaintours.com\/es\/","name":"Off Road Spain Tours","description":"Visit incredible places accompanied by expert guides in the area along with a group of people who are passionate about motorbikes.","publisher":{"@id":"https:\/\/offroadspaintours.com\/es\/#organization"},"alternateName":"Off Road Spain Tours","potentialAction":[{"@type":"SearchAction","target":{"@type":"EntryPoint","urlTemplate":"https:\/\/offroadspaintours.com\/es\/?s={search_term_string}"},"query-input":"required name=search_term_string"}],"inLanguage":"es"},{"@type":"Organization","@id":"https:\/\/offroadspaintours.com\/es\/#organization","name":"Off Road Spain Tours","alternateName":"Off Road Spain Tours","url":"https:\/\/offroadspaintours.com\/es\/","logo":{"@type":"ImageObject","inLanguage":"es","@id":"https:\/\/offroadspaintours.com\/es\/#\/schema\/logo\/image\/","url":"https:\/\/offroadspaintours.com\/wp-content\/uploads\/2023\/03\/logo-offroadspain-web.png","contentUrl":"https:\/\/offroadspaintours.com\/wp-content\/uploads\/2023\/03\/logo-offroadspain-web.png","width":500,"height":510,"caption":"Off Road Spain Tours"},"image":{"@id":"https:\/\/offroadspaintours.com\/es\/#\/schema\/logo\/image\/"},"sameAs":["https:\/\/www.facebook.com\/OffRoadSpainTours\/","https:\/\/www.instagram.com\/offroadspaintours\/"]}]}},"_links":{"self":[{"href":"https:\/\/offroadspaintours.com\/es\/wp-json\/wp\/v2\/pages\/517"}],"collection":[{"href":"https:\/\/offroadspaintours.com\/es\/wp-json\/wp\/v2\/pages"}],"about":[{"href":"https:\/\/offroadspaintours.com\/es\/wp-json\/wp\/v2\/types\/page"}],"author":[{"embeddable":true,"href":"https:\/\/offroadspaintours.com\/es\/wp-json\/wp\/v2\/users\/1"}],"replies":[{"embeddable":true,"href":"https:\/\/offroadspaintours.com\/es\/wp-json\/wp\/v2\/comments?post=517"}],"version-history":[{"count":6,"href":"https:\/\/offroadspaintours.com\/es\/wp-json\/wp\/v2\/pages\/517\/revisions"}],"predecessor-version":[{"id":1014,"href":"https:\/\/offroadspaintours.com\/es\/wp-json\/wp\/v2\/pages\/517\/revisions\/1014"}],"wp:attachment":[{"href":"https:\/\/offroadspaintours.com\/es\/wp-json\/wp\/v2\/media?parent=517"}],"curies":[{"name":"wp","href":"https:\/\/api.w.org\/{rel}","templated":true}]}}